{"id":252725,"date":"2026-05-05T12:32:03","date_gmt":"2026-05-05T12:32:03","guid":{"rendered":"https:\/\/www.equestic.com\/kwpn-belgie-onderzoek\/"},"modified":"2026-05-05T13:23:14","modified_gmt":"2026-05-05T13:23:14","slug":"kwpn-belgie-onderzoek","status":"publish","type":"page","link":"https:\/\/www.equestic.com\/nl\/kwpn-belgie-onderzoek\/","title":{"rendered":"KWPN Belgi\u00eb Onderzoek"},"content":{"rendered":"<p>[et_pb_section fb_built=&#8221;1&#8243; _builder_version=&#8221;4.20.4&#8243; _module_preset=&#8221;default&#8221; global_colors_info=&#8221;{}&#8221;][et_pb_row _builder_version=&#8221;4.20.4&#8243; _module_preset=&#8221;default&#8221; global_colors_info=&#8221;{}&#8221;][et_pb_column type=&#8221;4_4&#8243; _builder_version=&#8221;4.20.4&#8243; _module_preset=&#8221;default&#8221; global_colors_info=&#8221;{}&#8221;][et_pb_text _builder_version=&#8221;4.20.4&#8243; _module_preset=&#8221;default&#8221; hover_enabled=&#8221;0&#8243; global_colors_info=&#8221;{}&#8221; sticky_enabled=&#8221;0&#8243;]<\/p>\n<h1><span data-teams=\"true\">Onderzoeksproject Equestic x KWPN Belgi\u00eb<\/span><\/h1>\n<p>[\/et_pb_text][\/et_pb_column][\/et_pb_row][et_pb_row column_structure=&#8221;1_2,1_2&#8243; _builder_version=&#8221;4.20.4&#8243; _module_preset=&#8221;default&#8221; global_colors_info=&#8221;{}&#8221;][et_pb_column type=&#8221;1_2&#8243; _builder_version=&#8221;4.20.4&#8243; _module_preset=&#8221;default&#8221; global_colors_info=&#8221;{}&#8221;][et_pb_text _builder_version=&#8221;4.20.4&#8243; _module_preset=&#8221;default&#8221; global_colors_info=&#8221;{}&#8221;]<\/p>\n<p>Heb je interesse om deel te nemen aan het onderzoek dat Equestic en KWPN Belgi\u00eb dit jaar uitvoeren naar het gebruik van de Equestic Saddle-Clip voor het meten van de atletische aanleg en ontwikkeling van jonge KWPN-paarden?<\/p>\n<p>Vul dan onderstaand formulier in. We nemen contact op om de verdere details te bespreken.<\/p>\n<div><\/div>\n<p>&nbsp;<\/p>\n<p>&nbsp;<\/p>\n<p>[\/et_pb_text][\/et_pb_column][et_pb_column type=&#8221;1_2&#8243; _builder_version=&#8221;4.20.4&#8243; _module_preset=&#8221;default&#8221; global_colors_info=&#8221;{}&#8221;][et_pb_image src=&#8221;https:\/\/www.equestic.com\/wp-content\/uploads\/2026\/05\/app5screens_clip.png&#8221; title_text=&#8221;app5screens_clip&#8221; _builder_version=&#8221;4.20.4&#8243; _module_preset=&#8221;default&#8221; global_colors_info=&#8221;{}&#8221;][\/et_pb_image][\/et_pb_column][\/et_pb_row][et_pb_row _builder_version=&#8221;4.20.4&#8243; _module_preset=&#8221;default&#8221; global_colors_info=&#8221;{}&#8221;][et_pb_column type=&#8221;4_4&#8243; _builder_version=&#8221;4.20.4&#8243; _module_preset=&#8221;default&#8221; global_colors_info=&#8221;{}&#8221;][et_pb_text _builder_version=&#8221;4.20.4&#8243; _module_preset=&#8221;default&#8221; hover_enabled=&#8221;0&#8243; global_colors_info=&#8221;{}&#8221; sticky_enabled=&#8221;0&#8243;]<\/p>\n<script type=\"text\/javascript\">\n\/* <![CDATA[ *\/\nvar gform;gform||(document.addEventListener(\"gform_main_scripts_loaded\",function(){gform.scriptsLoaded=!0}),document.addEventListener(\"gform\/theme\/scripts_loaded\",function(){gform.themeScriptsLoaded=!0}),window.addEventListener(\"DOMContentLoaded\",function(){gform.domLoaded=!0}),gform={domLoaded:!1,scriptsLoaded:!1,themeScriptsLoaded:!1,isFormEditor:()=>\"function\"==typeof InitializeEditor,callIfLoaded:function(o){return!(!gform.domLoaded||!gform.scriptsLoaded||!gform.themeScriptsLoaded&&!gform.isFormEditor()||(gform.isFormEditor()&&console.warn(\"The use of gform.initializeOnLoaded() is deprecated in the form editor context and will be removed in Gravity Forms 3.1.\"),o(),0))},initializeOnLoaded:function(o){gform.callIfLoaded(o)||(document.addEventListener(\"gform_main_scripts_loaded\",()=>{gform.scriptsLoaded=!0,gform.callIfLoaded(o)}),document.addEventListener(\"gform\/theme\/scripts_loaded\",()=>{gform.themeScriptsLoaded=!0,gform.callIfLoaded(o)}),window.addEventListener(\"DOMContentLoaded\",()=>{gform.domLoaded=!0,gform.callIfLoaded(o)}))},hooks:{action:{},filter:{}},addAction:function(o,r,e,t){gform.addHook(\"action\",o,r,e,t)},addFilter:function(o,r,e,t){gform.addHook(\"filter\",o,r,e,t)},doAction:function(o){gform.doHook(\"action\",o,arguments)},applyFilters:function(o){return gform.doHook(\"filter\",o,arguments)},removeAction:function(o,r){gform.removeHook(\"action\",o,r)},removeFilter:function(o,r,e){gform.removeHook(\"filter\",o,r,e)},addHook:function(o,r,e,t,n){null==gform.hooks[o][r]&&(gform.hooks[o][r]=[]);var d=gform.hooks[o][r];null==n&&(n=r+\"_\"+d.length),gform.hooks[o][r].push({tag:n,callable:e,priority:t=null==t?10:t})},doHook:function(r,o,e){var t;if(e=Array.prototype.slice.call(e,1),null!=gform.hooks[r][o]&&((o=gform.hooks[r][o]).sort(function(o,r){return o.priority-r.priority}),o.forEach(function(o){\"function\"!=typeof(t=o.callable)&&(t=window[t]),\"action\"==r?t.apply(null,e):e[0]=t.apply(null,e)})),\"filter\"==r)return e[0]},removeHook:function(o,r,t,n){var e;null!=gform.hooks[o][r]&&(e=(e=gform.hooks[o][r]).filter(function(o,r,e){return!!(null!=n&&n!=o.tag||null!=t&&t!=o.priority)}),gform.hooks[o][r]=e)}});\n\/* ]]> *\/\n<\/script>\n\n                <div class='gf_browser_gecko gform_wrapper gravity-theme gform-theme--no-framework' data-form-theme='gravity-theme' data-form-index='0' id='gform_wrapper_55' ><form method='post' enctype='multipart\/form-data'  id='gform_55'  action='\/nl\/wp-json\/wp\/v2\/pages\/252725' data-formid='55' novalidate> \r\n <input type='hidden' class='gforms-pum' value='{\"closepopup\":false,\"closedelay\":0,\"openpopup\":false,\"openpopup_id\":0}' \/>\n                        <div class='gform-body gform_body'><div id='gform_fields_55' class='gform_fields top_label form_sublabel_below description_below validation_below'><fieldset id=\"field_55_1\" class=\"gfield gfield--type-name gfield--input-type-name gfield_contains_required field_sublabel_below gfield--no-description field_description_below field_validation_below gfield_visibility_visible\"  ><legend class='gfield_label gform-field-label gfield_label_before_complex' >Naam<span class=\"gfield_required\"><span class=\"gfield_required gfield_required_text\">(Vereist)<\/span><\/span><\/legend><div class='ginput_complex ginput_container ginput_container--name no_prefix has_first_name has_middle_name has_last_name no_suffix gf_name_has_3 ginput_container_name gform-grid-row' id='input_55_1'>\n                            \n                            <span id='input_55_1_3_container' class='name_first gform-grid-col gform-grid-col--size-auto' >\n                                                    <input type='text' name='input_1.3' id='input_55_1_3' value=''   aria-required='true'     \/>\n                                                    <label for='input_55_1_3' class='gform-field-label gform-field-label--type-sub '>Voornaam<\/label>\n                                                <\/span>\n                            <span id='input_55_1_4_container' class='name_middle gform-grid-col gform-grid-col--size-auto' >\n                                                    <input type='text' name='input_1.4' id='input_55_1_4' value=''   aria-required='false'     \/>\n                                                    <label for='input_55_1_4' class='gform-field-label gform-field-label--type-sub '>Tussenvoegsel<\/label>\n                                                <\/span>\n                            <span id='input_55_1_6_container' class='name_last gform-grid-col gform-grid-col--size-auto' >\n                                                    <input type='text' name='input_1.6' id='input_55_1_6' value=''   aria-required='true'     \/>\n                                                    <label for='input_55_1_6' class='gform-field-label gform-field-label--type-sub '>Achternaam<\/label>\n                                                <\/span>\n                            \n                        <\/div><\/fieldset><div id=\"field_55_7\" class=\"gfield gfield--type-email gfield--input-type-email gfield--width-full gfield_contains_required field_sublabel_below gfield--no-description field_description_below field_validation_below gfield_visibility_visible\"  ><label class='gfield_label gform-field-label' for='input_55_7'>Email<span class=\"gfield_required\"><span class=\"gfield_required gfield_required_text\">(Vereist)<\/span><\/span><\/label><div class='ginput_container ginput_container_email'>\n                            <input name='input_7' id='input_55_7' type='email' value='' class='large'    aria-required=\"true\" aria-invalid=\"false\"  \/>\n                        <\/div><\/div><div id=\"field_55_3\" class=\"gfield gfield--type-phone gfield--input-type-phone field_sublabel_below gfield--no-description field_description_below field_validation_below gfield_visibility_visible\"  ><label class='gfield_label gform-field-label' for='input_55_3'>Telefoonnummer<\/label><div class='ginput_container ginput_container_phone'><input name='input_3' id='input_55_3' type='tel' value='' class='large'    aria-invalid=\"false\"   \/><\/div><\/div><div id=\"field_55_5\" class=\"gfield gfield--type-text gfield--input-type-text field_sublabel_below gfield--no-description field_description_below field_validation_below gfield_visibility_hidden\"  ><div class=\"admin-hidden-markup\"><i class=\"gform-icon gform-icon--hidden\" aria-hidden=\"true\" title=\"Dit veld is verborgen bij het bekijken van het formulier\"><\/i><span>Dit veld is verborgen bij het bekijken van het formulier<\/span><\/div><label class='gfield_label gform-field-label' for='input_55_5'>Bedrijfsnaam<\/label><div class='ginput_container ginput_container_text'><input name='input_5' id='input_55_5' type='text' value='' class='large'      aria-invalid=\"false\"   \/><\/div><\/div><div id=\"field_55_6\" class=\"gfield gfield--type-text gfield--input-type-text field_sublabel_below gfield--has-description field_description_below field_validation_below gfield_visibility_hidden\"  ><div class=\"admin-hidden-markup\"><i class=\"gform-icon gform-icon--hidden\" aria-hidden=\"true\" title=\"Dit veld is verborgen bij het bekijken van het formulier\"><\/i><span>Dit veld is verborgen bij het bekijken van het formulier<\/span><\/div><label class='gfield_label gform-field-label' for='input_55_6'>Gevestigd te:<\/label><div class='ginput_container ginput_container_text'><input name='input_6' id='input_55_6' type='text' value='' class='large'  aria-describedby=\"gfield_description_55_6\"    aria-invalid=\"false\"   \/><\/div><div class='gfield_description' id='gfield_description_55_6'>(Plaatsnaam registratie bedrijf)<\/div><\/div><div id=\"field_55_8\" class=\"gfield gfield--type-textarea gfield--input-type-textarea gfield--width-full field_sublabel_below gfield--no-description field_description_below field_validation_below gfield_visibility_visible\"  ><label class='gfield_label gform-field-label' for='input_55_8'>Opmerkingen<\/label><div class='ginput_container ginput_container_textarea'><textarea name='input_8' id='input_55_8' class='textarea large'      aria-invalid=\"false\"   rows='10' cols='50'><\/textarea><\/div><\/div><\/div><\/div>\n        <div class='gform-footer gform_footer top_label'> <input type='submit' id='gform_submit_button_55' class='gform_button button' onclick='gform.submission.handleButtonClick(this);' data-submission-type='submit' value='Versturen'  \/> \n            <input type='hidden' class='gform_hidden' name='gform_submission_method' data-js='gform_submission_method_55' value='postback' \/>\n            <input type='hidden' class='gform_hidden' name='gform_theme' data-js='gform_theme_55' id='gform_theme_55' value='gravity-theme' \/>\n            <input type='hidden' class='gform_hidden' name='gform_style_settings' data-js='gform_style_settings_55' id='gform_style_settings_55' value='[]' \/>\n            <input type='hidden' class='gform_hidden' name='is_submit_55' value='1' \/>\n            <input type='hidden' class='gform_hidden' name='gform_submit' value='55' \/>\n            \n            <input type='hidden' class='gform_hidden' name='gform_currency' data-currency='EUR' value='M7\/LXoKtF80KHmqmtfnqjt0duVrS1zNzRPe+\/QZlILgB+FnawAAXuUeM2j+ZjRw42SfVj6ZFyFBTdjYkplJrntSc9OtijpX2XaPOoIKOS2nt2Ps=' \/>\n            <input type='hidden' class='gform_hidden' name='gform_unique_id' value='' \/>\n            <input type='hidden' class='gform_hidden' name='state_55' value='WyJbXSIsIjAwYzYxNDY3Y2Y5MzlmZDU4NGQ1MDM5NWYwMjRiZGZkIl0=' \/>\n            <input type='hidden' autocomplete='off' class='gform_hidden' name='gform_target_page_number_55' id='gform_target_page_number_55' value='0' \/>\n            <input type='hidden' autocomplete='off' class='gform_hidden' name='gform_source_page_number_55' id='gform_source_page_number_55' value='1' \/>\n            <input type='hidden' name='gform_field_values' value='' \/>\n            \n        <\/div>\n                        <\/form>\n                        <\/div><script type=\"text\/javascript\">\n\/* <![CDATA[ *\/\n gform.initializeOnLoaded( function() {gformInitSpinner( 55, 'https:\/\/www.equestic.com\/wp-content\/plugins\/gravityforms\/images\/spinner.svg', true );jQuery('#gform_ajax_frame_55').on('load',function(){var contents = jQuery(this).contents().find('*').html();var is_postback = contents.indexOf('GF_AJAX_POSTBACK') >= 0;if(!is_postback){return;}var form_content = jQuery(this).contents().find('#gform_wrapper_55');var is_confirmation = jQuery(this).contents().find('#gform_confirmation_wrapper_55').length > 0;var is_redirect = contents.indexOf('gformRedirect(){') >= 0;var is_form = form_content.length > 0 && ! is_redirect && ! is_confirmation;var mt = parseInt(jQuery('html').css('margin-top'), 10) + parseInt(jQuery('body').css('margin-top'), 10) + 100;if(is_form){jQuery('#gform_wrapper_55').html(form_content.html());if(form_content.hasClass('gform_validation_error')){jQuery('#gform_wrapper_55').addClass('gform_validation_error');} else {jQuery('#gform_wrapper_55').removeClass('gform_validation_error');}setTimeout( function() { \/* delay the scroll by 50 milliseconds to fix a bug in chrome *\/  }, 50 );if(window['gformInitDatepicker']) {gformInitDatepicker();}if(window['gformInitPriceFields']) {gformInitPriceFields();}var current_page = jQuery('#gform_source_page_number_55').val();gformInitSpinner( 55, 'https:\/\/www.equestic.com\/wp-content\/plugins\/gravityforms\/images\/spinner.svg', true );jQuery(document).trigger('gform_page_loaded', [55, current_page]);window['gf_submitting_55'] = false;}else if(!is_redirect){var confirmation_content = jQuery(this).contents().find('.GF_AJAX_POSTBACK').html();if(!confirmation_content){confirmation_content = contents;}jQuery('#gform_wrapper_55').replaceWith(confirmation_content);jQuery(document).trigger('gform_confirmation_loaded', [55]);window['gf_submitting_55'] = false;wp.a11y.speak(jQuery('#gform_confirmation_message_55').text());}else{jQuery('#gform_55').append(contents);if(window['gformRedirect']) {gformRedirect();}}jQuery(document).trigger(\"gform_pre_post_render\", [{ formId: \"55\", currentPage: \"current_page\", abort: function() { this.preventDefault(); } }]);        if (event && event.defaultPrevented) {                return;        }        const gformWrapperDiv = document.getElementById( \"gform_wrapper_55\" );        if ( gformWrapperDiv ) {            const visibilitySpan = document.createElement( \"span\" );            visibilitySpan.id = \"gform_visibility_test_55\";            gformWrapperDiv.insertAdjacentElement( \"afterend\", visibilitySpan );        }        const visibilityTestDiv = document.getElementById( \"gform_visibility_test_55\" );        let postRenderFired = false;        function triggerPostRender() {            if ( postRenderFired ) {                return;            }            postRenderFired = true;            gform.core.triggerPostRenderEvents( 55, current_page );            if ( visibilityTestDiv ) {                visibilityTestDiv.parentNode.removeChild( visibilityTestDiv );            }        }        function debounce( func, wait, immediate ) {            var timeout;            return function() {                var context = this, args = arguments;                var later = function() {                    timeout = null;                    if ( !immediate ) func.apply( context, args );                };                var callNow = immediate && !timeout;                clearTimeout( timeout );                timeout = setTimeout( later, wait );                if ( callNow ) func.apply( context, args );            };        }        const debouncedTriggerPostRender = debounce( function() {            triggerPostRender();        }, 200 );        if ( visibilityTestDiv && visibilityTestDiv.offsetParent === null ) {            const observer = new MutationObserver( ( mutations ) => {                mutations.forEach( ( mutation ) => {                    if ( mutation.type === 'attributes' && visibilityTestDiv.offsetParent !== null ) {                        debouncedTriggerPostRender();                        observer.disconnect();                    }                });            });            observer.observe( document.body, {                attributes: true,                childList: false,                subtree: true,                attributeFilter: [ 'style', 'class' ],            });        } else {            triggerPostRender();        }    } );} ); \n\/* ]]> *\/\n<\/script>\n\n<p>[\/et_pb_text][\/et_pb_column][\/et_pb_row][\/et_pb_section]<\/p>\n","protected":false},"excerpt":{"rendered":"<p>Onderzoeksproject Equestic x KWPN Belgi\u00ebHeb je interesse om deel te nemen aan het onderzoek dat Equestic en KWPN Belgi\u00eb dit jaar uitvoeren naar het gebruik van de Equestic Saddle-Clip voor het meten van de atletische aanleg en ontwikkeling van jonge KWPN-paarden? Vul dan onderstaand formulier in. We nemen contact op om de verdere details te [&hellip;]<\/p>\n","protected":false},"author":15,"featured_media":0,"parent":0,"menu_order":0,"comment_status":"closed","ping_status":"closed","template":"","meta":{"_acf_changed":false,"_et_pb_use_builder":"on","_et_pb_old_content":"","_et_gb_content_width":"","footnotes":""},"class_list":["post-252725","page","type-page","status-publish","hentry"],"acf":[],"yoast_head":"<!-- This site is optimized with the Yoast SEO plugin v26.8 - https:\/\/yoast.com\/product\/yoast-seo-wordpress\/ -->\n<title>KWPN Belgi\u00eb Onderzoek - Equestic Saddleclip<\/title>\n<meta name=\"robots\" content=\"index, follow, max-snippet:-1, max-image-preview:large, max-video-preview:-1\" \/>\n<link rel=\"canonical\" href=\"https:\/\/www.equestic.com\/nl\/kwpn-belgie-onderzoek\/\" \/>\n<meta property=\"og:locale\" content=\"nl_NL\" \/>\n<meta property=\"og:type\" content=\"article\" \/>\n<meta property=\"og:title\" content=\"KWPN Belgi\u00eb Onderzoek - Equestic Saddleclip\" \/>\n<meta property=\"og:description\" content=\"Onderzoeksproject Equestic x KWPN Belgi\u00ebHeb je interesse om deel te nemen aan het onderzoek dat Equestic en KWPN Belgi\u00eb dit jaar uitvoeren naar het gebruik van de Equestic Saddle-Clip voor het meten van de atletische aanleg en ontwikkeling van jonge KWPN-paarden? Vul dan onderstaand formulier in. We nemen contact op om de verdere details te [&hellip;]\" \/>\n<meta property=\"og:url\" content=\"https:\/\/www.equestic.com\/nl\/kwpn-belgie-onderzoek\/\" \/>\n<meta property=\"og:site_name\" content=\"Equestic Saddleclip\" \/>\n<meta property=\"article:publisher\" content=\"https:\/\/www.facebook.com\/equestic\" \/>\n<meta property=\"article:modified_time\" content=\"2026-05-05T13:23:14+00:00\" \/>\n<meta property=\"og:image\" content=\"https:\/\/www.equestic.com\/wp-content\/uploads\/2020\/05\/ad1-landscape2.jpg\" \/>\n\t<meta property=\"og:image:width\" content=\"1200\" \/>\n\t<meta property=\"og:image:height\" content=\"628\" \/>\n\t<meta property=\"og:image:type\" content=\"image\/jpeg\" \/>\n<meta name=\"twitter:card\" content=\"summary_large_image\" \/>\n<meta name=\"twitter:site\" content=\"@saddleclip\" \/>\n<script type=\"application\/ld+json\" class=\"yoast-schema-graph\">{\"@context\":\"https:\/\/schema.org\",\"@graph\":[{\"@type\":\"WebPage\",\"@id\":\"https:\/\/www.equestic.com\/nl\/kwpn-belgie-onderzoek\/\",\"url\":\"https:\/\/www.equestic.com\/nl\/kwpn-belgie-onderzoek\/\",\"name\":\"KWPN Belgi\u00eb Onderzoek - Equestic Saddleclip\",\"isPartOf\":{\"@id\":\"https:\/\/www.equestic.com\/nl\/#website\"},\"datePublished\":\"2026-05-05T12:32:03+00:00\",\"dateModified\":\"2026-05-05T13:23:14+00:00\",\"breadcrumb\":{\"@id\":\"https:\/\/www.equestic.com\/nl\/kwpn-belgie-onderzoek\/#breadcrumb\"},\"inLanguage\":\"nl-NL\",\"potentialAction\":[{\"@type\":\"ReadAction\",\"target\":[\"https:\/\/www.equestic.com\/nl\/kwpn-belgie-onderzoek\/\"]}]},{\"@type\":\"BreadcrumbList\",\"@id\":\"https:\/\/www.equestic.com\/nl\/kwpn-belgie-onderzoek\/#breadcrumb\",\"itemListElement\":[{\"@type\":\"ListItem\",\"position\":1,\"name\":\"Home\",\"item\":\"https:\/\/www.equestic.com\/nl\/\"},{\"@type\":\"ListItem\",\"position\":2,\"name\":\"KWPN Belgi\u00eb Onderzoek\"}]},{\"@type\":\"WebSite\",\"@id\":\"https:\/\/www.equestic.com\/nl\/#website\",\"url\":\"https:\/\/www.equestic.com\/nl\/\",\"name\":\"Equestic SaddleClip\",\"description\":\"Advanced Horse activity tracking &amp; analysis\",\"potentialAction\":[{\"@type\":\"SearchAction\",\"target\":{\"@type\":\"EntryPoint\",\"urlTemplate\":\"https:\/\/www.equestic.com\/nl\/?s={search_term_string}\"},\"query-input\":{\"@type\":\"PropertyValueSpecification\",\"valueRequired\":true,\"valueName\":\"search_term_string\"}}],\"inLanguage\":\"nl-NL\"}]}<\/script>\n<!-- \/ Yoast SEO plugin. -->","yoast_head_json":{"title":"KWPN Belgi\u00eb Onderzoek - Equestic Saddleclip","robots":{"index":"index","follow":"follow","max-snippet":"max-snippet:-1","max-image-preview":"max-image-preview:large","max-video-preview":"max-video-preview:-1"},"canonical":"https:\/\/www.equestic.com\/nl\/kwpn-belgie-onderzoek\/","og_locale":"nl_NL","og_type":"article","og_title":"KWPN Belgi\u00eb Onderzoek - Equestic Saddleclip","og_description":"Onderzoeksproject Equestic x KWPN Belgi\u00ebHeb je interesse om deel te nemen aan het onderzoek dat Equestic en KWPN Belgi\u00eb dit jaar uitvoeren naar het gebruik van de Equestic Saddle-Clip voor het meten van de atletische aanleg en ontwikkeling van jonge KWPN-paarden? Vul dan onderstaand formulier in. We nemen contact op om de verdere details te [&hellip;]","og_url":"https:\/\/www.equestic.com\/nl\/kwpn-belgie-onderzoek\/","og_site_name":"Equestic Saddleclip","article_publisher":"https:\/\/www.facebook.com\/equestic","article_modified_time":"2026-05-05T13:23:14+00:00","og_image":[{"width":1200,"height":628,"url":"https:\/\/www.equestic.com\/wp-content\/uploads\/2020\/05\/ad1-landscape2.jpg","type":"image\/jpeg"}],"twitter_card":"summary_large_image","twitter_site":"@saddleclip","schema":{"@context":"https:\/\/schema.org","@graph":[{"@type":"WebPage","@id":"https:\/\/www.equestic.com\/nl\/kwpn-belgie-onderzoek\/","url":"https:\/\/www.equestic.com\/nl\/kwpn-belgie-onderzoek\/","name":"KWPN Belgi\u00eb Onderzoek - Equestic Saddleclip","isPartOf":{"@id":"https:\/\/www.equestic.com\/nl\/#website"},"datePublished":"2026-05-05T12:32:03+00:00","dateModified":"2026-05-05T13:23:14+00:00","breadcrumb":{"@id":"https:\/\/www.equestic.com\/nl\/kwpn-belgie-onderzoek\/#breadcrumb"},"inLanguage":"nl-NL","potentialAction":[{"@type":"ReadAction","target":["https:\/\/www.equestic.com\/nl\/kwpn-belgie-onderzoek\/"]}]},{"@type":"BreadcrumbList","@id":"https:\/\/www.equestic.com\/nl\/kwpn-belgie-onderzoek\/#breadcrumb","itemListElement":[{"@type":"ListItem","position":1,"name":"Home","item":"https:\/\/www.equestic.com\/nl\/"},{"@type":"ListItem","position":2,"name":"KWPN Belgi\u00eb Onderzoek"}]},{"@type":"WebSite","@id":"https:\/\/www.equestic.com\/nl\/#website","url":"https:\/\/www.equestic.com\/nl\/","name":"Equestic SaddleClip","description":"Advanced Horse activity tracking &amp; analysis","potentialAction":[{"@type":"SearchAction","target":{"@type":"EntryPoint","urlTemplate":"https:\/\/www.equestic.com\/nl\/?s={search_term_string}"},"query-input":{"@type":"PropertyValueSpecification","valueRequired":true,"valueName":"search_term_string"}}],"inLanguage":"nl-NL"}]}},"_links":{"self":[{"href":"https:\/\/www.equestic.com\/nl\/wp-json\/wp\/v2\/pages\/252725","targetHints":{"allow":["GET"]}}],"collection":[{"href":"https:\/\/www.equestic.com\/nl\/wp-json\/wp\/v2\/pages"}],"about":[{"href":"https:\/\/www.equestic.com\/nl\/wp-json\/wp\/v2\/types\/page"}],"author":[{"embeddable":true,"href":"https:\/\/www.equestic.com\/nl\/wp-json\/wp\/v2\/users\/15"}],"replies":[{"embeddable":true,"href":"https:\/\/www.equestic.com\/nl\/wp-json\/wp\/v2\/comments?post=252725"}],"version-history":[{"count":8,"href":"https:\/\/www.equestic.com\/nl\/wp-json\/wp\/v2\/pages\/252725\/revisions"}],"predecessor-version":[{"id":252735,"href":"https:\/\/www.equestic.com\/nl\/wp-json\/wp\/v2\/pages\/252725\/revisions\/252735"}],"wp:attachment":[{"href":"https:\/\/www.equestic.com\/nl\/wp-json\/wp\/v2\/media?parent=252725"}],"curies":[{"name":"wp","href":"https:\/\/api.w.org\/{rel}","templated":true}]}}